{"id":475,"date":"2015-11-13T12:54:17","date_gmt":"2015-11-13T12:54:17","guid":{"rendered":"https:\/\/xml-io.proteusthemes.com\/structurepress\/?page_id=475"},"modified":"2024-05-06T16:38:27","modified_gmt":"2024-05-06T16:38:27","slug":"zonascomunes","status":"publish","type":"page","link":"https:\/\/byronabril.com\/imperobras\/soluciones\/zonascomunes\/","title":{"rendered":"Zonas Comunes"},"content":{"rendered":"<div id=\"pl-475\"  class=\"panel-layout\" ><div id=\"pg-475-0\"  class=\"panel-grid panel-no-style\" ><div id=\"pgc-475-0-0\"  class=\"panel-grid-cell\" ><div id=\"panel-475-0-0-0\" class=\"so-panel widget widget_sow-editor panel-first-child\" data-index=\"0\" ><div\n\t\t\t\n\t\t\tclass=\"so-widget-sow-editor so-widget-sow-editor-base\"\n\t\t\t\n\t\t>\n<div class=\"siteorigin-widget-tinymce textwidget\">\n\t<p><strong>Protegiendo las \u00c1reas Comunes: Impermeabilizaci\u00f3n Profesional<\/strong><\/p>\n<p>Imperobras realiza una evaluaci\u00f3n exhaustiva de las \u00e1reas comunes, identificando puntos cr\u00edticos de infiltraci\u00f3n y debilidades en la estructura. Utilizando materiales de alta calidad y t\u00e9cnicas avanzadas de aplicaci\u00f3n, se crea una barrera efectiva contra la humedad, previniendo la formaci\u00f3n de filtraciones y el deterioro prematuro de los elementos constructivos. Adem\u00e1s, se establece un plan de mantenimiento peri\u00f3dico para asegurar la continuidad de la protecci\u00f3n a lo largo del tiempo.<\/p>\n<p>La impermeabilizaci\u00f3n profesional de las \u00e1reas comunes no solo preserva la integridad del edificio, sino que tambi\u00e9n contribuye a la seguridad y comodidad de los residentes o usuarios. Al evitar problemas como la acumulaci\u00f3n de humedad, se reducen los riesgos de deterioro estructural, la formaci\u00f3n de moho y hongos, y se promueve un entorno interior saludable y habitable. En \u00faltima instancia, invertir en la impermeabilizaci\u00f3n adecuada de las \u00e1reas comunes es una medida preventiva que puede ahorrar costos significativos en reparaciones futuras y prolongar la vida \u00fatil del edificio en su conjunto.<\/p>\n<\/div>\n<\/div><\/div><div id=\"panel-475-0-0-1\" class=\"so-panel widget widget_sow-editor panel-last-child\" data-index=\"1\" ><div\n\t\t\t\n\t\t\tclass=\"so-widget-sow-editor so-widget-sow-editor-base\"\n\t\t\t\n\t\t>\n<div class=\"siteorigin-widget-tinymce textwidget\">\n\t<h4 style=\"text-align: right;\">\u00bfCalidad a prueba de agua!<\/h4>\n<\/div>\n<\/div><\/div><\/div><div id=\"pgc-475-0-1\"  class=\"panel-grid-cell\" ><div id=\"panel-475-0-1-0\" class=\"so-panel widget widget_sow-editor panel-first-child\" data-index=\"2\" ><div\n\t\t\t\n\t\t\tclass=\"so-widget-sow-editor so-widget-sow-editor-base\"\n\t\t\t\n\t\t>\n<div class=\"siteorigin-widget-tinymce textwidget\">\n\t<p><img data-recalc-dims=\"1\" loading=\"lazy\" decoding=\"async\" class=\"alignnone wp-image-1228 size-full\" src=\"https:\/\/i0.wp.com\/byronabril.com\/imperobras\/wp-content\/uploads\/2024\/05\/comunes1.jpg?resize=765%2C423&#038;ssl=1\" alt=\"\" width=\"765\" height=\"423\" srcset=\"https:\/\/i0.wp.com\/byronabril.com\/imperobras\/wp-content\/uploads\/2024\/05\/comunes1.jpg?w=765&amp;ssl=1 765w, https:\/\/i0.wp.com\/byronabril.com\/imperobras\/wp-content\/uploads\/2024\/05\/comunes1.jpg?resize=300%2C166&amp;ssl=1 300w, https:\/\/i0.wp.com\/byronabril.com\/imperobras\/wp-content\/uploads\/2024\/05\/comunes1.jpg?resize=540%2C299&amp;ssl=1 540w, https:\/\/i0.wp.com\/byronabril.com\/imperobras\/wp-content\/uploads\/2024\/05\/comunes1.jpg?resize=600%2C332&amp;ssl=1 600w\" sizes=\"auto, (max-width: 765px) 100vw, 765px\" \/><\/p>\n<p><img data-recalc-dims=\"1\" loading=\"lazy\" decoding=\"async\" class=\"alignnone wp-image-1229 size-full\" src=\"https:\/\/i0.wp.com\/byronabril.com\/imperobras\/wp-content\/uploads\/2024\/05\/comunes2.jpg?resize=765%2C423&#038;ssl=1\" alt=\"\" width=\"765\" height=\"423\" srcset=\"https:\/\/i0.wp.com\/byronabril.com\/imperobras\/wp-content\/uploads\/2024\/05\/comunes2.jpg?w=765&amp;ssl=1 765w, https:\/\/i0.wp.com\/byronabril.com\/imperobras\/wp-content\/uploads\/2024\/05\/comunes2.jpg?resize=300%2C166&amp;ssl=1 300w, https:\/\/i0.wp.com\/byronabril.com\/imperobras\/wp-content\/uploads\/2024\/05\/comunes2.jpg?resize=540%2C299&amp;ssl=1 540w, https:\/\/i0.wp.com\/byronabril.com\/imperobras\/wp-content\/uploads\/2024\/05\/comunes2.jpg?resize=600%2C332&amp;ssl=1 600w\" sizes=\"auto, (max-width: 765px) 100vw, 765px\" \/><\/p>\n<\/div>\n<\/div><\/div><div id=\"panel-475-0-1-1\" class=\"so-panel widget widget_pw_brochure_box widget-brochure-box panel-last-child\" data-index=\"3\" >\n\t<a class=\"brochure-box\" href=\"#\" target=\"_self\">\n\t\t<span class=\"brochure-box__icon\"><i class=\"fa  fa-file-pdf-o\"><\/i><\/span>\n\t\t<h5 class=\"brochure-box__text\">Brochure Imperobras<\/h5>\n\t<\/a>\n\n<\/div><\/div><\/div><\/div>","protected":false},"excerpt":{"rendered":"<p>Protegiendo las \u00c1reas Comunes: Impermeabilizaci\u00f3n Profesional Imperobras realiza una evaluaci\u00f3n exhaustiva de las \u00e1reas comunes, identificando puntos cr\u00edticos de infiltraci\u00f3n y debilidades en la estructura. Utilizando materiales de alta calidad y t\u00e9cnicas avanzadas de aplicaci\u00f3n, se crea una barrera efectiva contra la humedad, previniendo la formaci\u00f3n de filtraciones y el deterioro prematuro de los elementos &hellip;<\/p>\n","protected":false},"author":1,"featured_media":1228,"parent":43,"menu_order":0,"comment_status":"closed","ping_status":"closed","template":"","meta":{"_acf_changed":false,"nf_dc_page":"","om_disable_all_campaigns":false,"_monsterinsights_skip_tracking":false,"_monsterinsights_sitenote_active":false,"_monsterinsights_sitenote_note":"","_monsterinsights_sitenote_category":0,"footnotes":""},"class_list":["post-475","page","type-page","status-publish","has-post-thumbnail","hentry"],"acf":[],"jetpack_sharing_enabled":true,"_links":{"self":[{"href":"https:\/\/byronabril.com\/imperobras\/wp-json\/wp\/v2\/pages\/475","targetHints":{"allow":["GET"]}}],"collection":[{"href":"https:\/\/byronabril.com\/imperobras\/wp-json\/wp\/v2\/pages"}],"about":[{"href":"https:\/\/byronabril.com\/imperobras\/wp-json\/wp\/v2\/types\/page"}],"author":[{"embeddable":true,"href":"https:\/\/byronabril.com\/imperobras\/wp-json\/wp\/v2\/users\/1"}],"replies":[{"embeddable":true,"href":"https:\/\/byronabril.com\/imperobras\/wp-json\/wp\/v2\/comments?post=475"}],"version-history":[{"count":4,"href":"https:\/\/byronabril.com\/imperobras\/wp-json\/wp\/v2\/pages\/475\/revisions"}],"predecessor-version":[{"id":1231,"href":"https:\/\/byronabril.com\/imperobras\/wp-json\/wp\/v2\/pages\/475\/revisions\/1231"}],"up":[{"embeddable":true,"href":"https:\/\/byronabril.com\/imperobras\/wp-json\/wp\/v2\/pages\/43"}],"wp:featuredmedia":[{"embeddable":true,"href":"https:\/\/byronabril.com\/imperobras\/wp-json\/wp\/v2\/media\/1228"}],"wp:attachment":[{"href":"https:\/\/byronabril.com\/imperobras\/wp-json\/wp\/v2\/media?parent=475"}],"curies":[{"name":"wp","href":"https:\/\/api.w.org\/{rel}","templated":true}]}}