{"id":473,"date":"2015-11-13T12:54:02","date_gmt":"2015-11-13T12:54:02","guid":{"rendered":"https:\/\/xml-io.proteusthemes.com\/structurepress\/?page_id=473"},"modified":"2024-05-09T02:30:58","modified_gmt":"2024-05-09T02:30:58","slug":"parqueaderos","status":"publish","type":"page","link":"https:\/\/byronabril.com\/imperobras\/soluciones\/parqueaderos\/","title":{"rendered":"Parqueaderos"},"content":{"rendered":"<div id=\"pl-473\"  class=\"panel-layout\" ><div id=\"pg-473-0\"  class=\"panel-grid panel-no-style\" ><div id=\"pgc-473-0-0\"  class=\"panel-grid-cell\" ><div id=\"panel-473-0-0-0\" class=\"so-panel widget widget_sow-editor panel-first-child\" data-index=\"0\" ><div\n\t\t\t\n\t\t\tclass=\"so-widget-sow-editor so-widget-sow-editor-base\"\n\t\t\t\n\t\t>\n<div class=\"siteorigin-widget-tinymce textwidget\">\n\t<p>Una empresa experta en impermeabilizaci\u00f3n de parqueaderos comienza con una evaluaci\u00f3n minuciosa de la superficie, identificando \u00e1reas vulnerables y deficiencias en el sistema existente. Luego, selecciona cuidadosamente los materiales m\u00e1s adecuados para el proyecto, como revestimientos epoxi, membranas de poliuretano o sistemas de sellado l\u00edquido, que ofrecen resistencia a la abrasi\u00f3n, tr\u00e1fico pesado y agentes qu\u00edmicos comunes presentes en estos entornos.<\/p>\n<p>La aplicaci\u00f3n profesional de estos materiales, junto con t\u00e9cnicas avanzadas y equipos especializados, garantiza una cobertura uniforme y duradera que protege el concreto del parqueadero contra la penetraci\u00f3n de agua y otros elementos nocivos. Adem\u00e1s, un programa de mantenimiento regular puede extender la vida \u00fatil del sistema impermeabilizante, proporcionando una soluci\u00f3n confiable y rentable a largo plazo para mantener los parqueaderos en \u00f3ptimas condiciones.<\/p>\n<\/div>\n<\/div><\/div><div id=\"panel-473-0-0-1\" class=\"so-panel widget widget_pw_accordion widget-accordion panel-last-child\" data-index=\"1\" >\t<div class=\"accordion panel-group\" id=\"accordion-widget-0-0-1\" role=\"tablist\" aria-multiselectable=\"true\">\n\t\t\t<div class=\"accordion__panel  panel  panel-default\">\n\t\t\t<div class=\"accordion__heading  panel-heading\" role=\"tab\" id=\"heading-widget-0-0-1-1\">\n\t\t\t\t<h4 class=\"panel-title\">\n\t\t\t\t\t<a class=\"collapsed\" role=\"button\" data-toggle=\"collapse\" data-parent=\"#accordion-widget-0-0-1\" href=\"#collapse-widget-0-0-1-1\" aria-expanded=\"false\" aria-controls=\"collapse-widget-0-0-1-1\">\n\t\t\t\t\t\tProcesos garantizados\t\t\t\t\t<\/a>\n\t\t\t\t<\/h4>\n\t\t\t<\/div>\n\t\t\t<div id=\"collapse-widget-0-0-1-1\" class=\"accordion__content  panel-collapse  collapse\" role=\"tabpanel\" aria-labelledby=\"heading-widget-0-0-1-1\">\n\t\t\t\t<div class=\"panel-body\">\n\t\t\t\t\tLa impermeabilizaci\u00f3n de parqueaderos es fundamental para proteger la estructura de los da\u00f1os causados por el agua, como filtraciones y corrosi\u00f3n. Este proceso implica varios pasos clave:\n\n    Preparaci\u00f3n de la Superficie: Se limpia y se prepara la superficie del parqueadero, eliminando cualquier suciedad, grasa o material suelto. Esto asegura una adherencia adecuada del material impermeabilizante.\n\t\t\t\t<\/div>\n\t\t\t<\/div>\n\t\t<\/div>\n\t\t\t<div class=\"accordion__panel  panel  panel-default\">\n\t\t\t<div class=\"accordion__heading  panel-heading\" role=\"tab\" id=\"heading-widget-0-0-1-2\">\n\t\t\t\t<h4 class=\"panel-title\">\n\t\t\t\t\t<a class=\"collapsed\" role=\"button\" data-toggle=\"collapse\" data-parent=\"#accordion-widget-0-0-1\" href=\"#collapse-widget-0-0-1-2\" aria-expanded=\"false\" aria-controls=\"collapse-widget-0-0-1-2\">\n\t\t\t\t\t\tSu mejor aliado\t\t\t\t\t<\/a>\n\t\t\t\t<\/h4>\n\t\t\t<\/div>\n\t\t\t<div id=\"collapse-widget-0-0-1-2\" class=\"accordion__content  panel-collapse  collapse\" role=\"tabpanel\" aria-labelledby=\"heading-widget-0-0-1-2\">\n\t\t\t\t<div class=\"panel-body\">\n\t\t\t\t\tEl mejor aliado en la impermeabilizaci\u00f3n de parqueaderos es la calidad. Desde la selecci\u00f3n de materiales hasta la ejecuci\u00f3n del proceso, la calidad garantiza resultados duraderos y eficaces. Un aliado de calidad comprende las necesidades espec\u00edficas del proyecto, utiliza productos y t\u00e9cnicas adecuadas, y se compromete con los m\u00e1s altos est\u00e1ndares de trabajo. Con la calidad como aliado, la impermeabilizaci\u00f3n no solo protege la estructura del parqueadero, sino que tambi\u00e9n brinda tranquilidad y seguridad a quienes lo utilizan.\t\t\t\t<\/div>\n\t\t\t<\/div>\n\t\t<\/div>\n\t\t\t<div class=\"accordion__panel  panel  panel-default\">\n\t\t\t<div class=\"accordion__heading  panel-heading\" role=\"tab\" id=\"heading-widget-0-0-1-3\">\n\t\t\t\t<h4 class=\"panel-title\">\n\t\t\t\t\t<a class=\"collapsed\" role=\"button\" data-toggle=\"collapse\" data-parent=\"#accordion-widget-0-0-1\" href=\"#collapse-widget-0-0-1-3\" aria-expanded=\"false\" aria-controls=\"collapse-widget-0-0-1-3\">\n\t\t\t\t\t\tImperobras\t\t\t\t\t<\/a>\n\t\t\t\t<\/h4>\n\t\t\t<\/div>\n\t\t\t<div id=\"collapse-widget-0-0-1-3\" class=\"accordion__content  panel-collapse  collapse\" role=\"tabpanel\" aria-labelledby=\"heading-widget-0-0-1-3\">\n\t\t\t\t<div class=\"panel-body\">\n\t\t\t\t\tImperobras destaca como l\u00edder en soluciones de impermeabilizaci\u00f3n. Con una experiencia probada y un equipo de profesionales altamente capacitados, ofrecemos servicios especializados que garantizan la protecci\u00f3n y durabilidad de las estructuras. \t\t\t\t<\/div>\n\t\t\t<\/div>\n\t\t<\/div>\n\t\t\t<\/div>\n\n<\/div><\/div><div id=\"pgc-473-0-1\"  class=\"panel-grid-cell\" ><div id=\"panel-473-0-1-0\" class=\"so-panel widget widget_sow-editor panel-first-child panel-last-child\" data-index=\"2\" ><div\n\t\t\t\n\t\t\tclass=\"so-widget-sow-editor so-widget-sow-editor-base\"\n\t\t\t\n\t\t>\n<div class=\"siteorigin-widget-tinymce textwidget\">\n\t<p><img data-recalc-dims=\"1\" loading=\"lazy\" decoding=\"async\" class=\"alignnone wp-image-1235 size-full\" src=\"https:\/\/i0.wp.com\/byronabril.com\/imperobras\/wp-content\/uploads\/2024\/05\/park-3.jpg?resize=765%2C423&#038;ssl=1\" alt=\"\" width=\"765\" height=\"423\" srcset=\"https:\/\/i0.wp.com\/byronabril.com\/imperobras\/wp-content\/uploads\/2024\/05\/park-3.jpg?w=765&amp;ssl=1 765w, https:\/\/i0.wp.com\/byronabril.com\/imperobras\/wp-content\/uploads\/2024\/05\/park-3.jpg?resize=300%2C166&amp;ssl=1 300w, https:\/\/i0.wp.com\/byronabril.com\/imperobras\/wp-content\/uploads\/2024\/05\/park-3.jpg?resize=540%2C299&amp;ssl=1 540w, https:\/\/i0.wp.com\/byronabril.com\/imperobras\/wp-content\/uploads\/2024\/05\/park-3.jpg?resize=600%2C332&amp;ssl=1 600w\" sizes=\"auto, (max-width: 765px) 100vw, 765px\" \/><\/p>\n<p><img data-recalc-dims=\"1\" loading=\"lazy\" decoding=\"async\" class=\"alignnone wp-image-1234 size-full\" src=\"https:\/\/i0.wp.com\/byronabril.com\/imperobras\/wp-content\/uploads\/2024\/05\/park2.jpg?resize=765%2C423&#038;ssl=1\" alt=\"\" width=\"765\" height=\"423\" srcset=\"https:\/\/i0.wp.com\/byronabril.com\/imperobras\/wp-content\/uploads\/2024\/05\/park2.jpg?w=765&amp;ssl=1 765w, https:\/\/i0.wp.com\/byronabril.com\/imperobras\/wp-content\/uploads\/2024\/05\/park2.jpg?resize=300%2C166&amp;ssl=1 300w, https:\/\/i0.wp.com\/byronabril.com\/imperobras\/wp-content\/uploads\/2024\/05\/park2.jpg?resize=540%2C299&amp;ssl=1 540w, https:\/\/i0.wp.com\/byronabril.com\/imperobras\/wp-content\/uploads\/2024\/05\/park2.jpg?resize=600%2C332&amp;ssl=1 600w\" sizes=\"auto, (max-width: 765px) 100vw, 765px\" \/><\/p>\n<p><img data-recalc-dims=\"1\" loading=\"lazy\" decoding=\"async\" class=\"alignnone wp-image-1233 size-full\" src=\"https:\/\/i0.wp.com\/byronabril.com\/imperobras\/wp-content\/uploads\/2024\/05\/park1.jpg?resize=765%2C423&#038;ssl=1\" alt=\"\" width=\"765\" height=\"423\" srcset=\"https:\/\/i0.wp.com\/byronabril.com\/imperobras\/wp-content\/uploads\/2024\/05\/park1.jpg?w=765&amp;ssl=1 765w, https:\/\/i0.wp.com\/byronabril.com\/imperobras\/wp-content\/uploads\/2024\/05\/park1.jpg?resize=300%2C166&amp;ssl=1 300w, https:\/\/i0.wp.com\/byronabril.com\/imperobras\/wp-content\/uploads\/2024\/05\/park1.jpg?resize=540%2C299&amp;ssl=1 540w, https:\/\/i0.wp.com\/byronabril.com\/imperobras\/wp-content\/uploads\/2024\/05\/park1.jpg?resize=600%2C332&amp;ssl=1 600w\" sizes=\"auto, (max-width: 765px) 100vw, 765px\" \/><\/p>\n<\/div>\n<\/div><\/div><\/div><\/div><\/div>","protected":false},"excerpt":{"rendered":"<p>Una empresa experta en impermeabilizaci\u00f3n de parqueaderos comienza con una evaluaci\u00f3n minuciosa de la superficie, identificando \u00e1reas vulnerables y deficiencias en el sistema existente. Luego, selecciona cuidadosamente los materiales m\u00e1s adecuados para el proyecto, como revestimientos epoxi, membranas de poliuretano o sistemas de sellado l\u00edquido, que ofrecen resistencia a la abrasi\u00f3n, tr\u00e1fico pesado y agentes &hellip;<\/p>\n","protected":false},"author":1,"featured_media":1201,"parent":43,"menu_order":0,"comment_status":"closed","ping_status":"closed","template":"","meta":{"_acf_changed":false,"nf_dc_page":"","om_disable_all_campaigns":false,"_monsterinsights_skip_tracking":false,"_monsterinsights_sitenote_active":false,"_monsterinsights_sitenote_note":"","_monsterinsights_sitenote_category":0,"footnotes":""},"class_list":["post-473","page","type-page","status-publish","has-post-thumbnail","hentry"],"acf":[],"jetpack_sharing_enabled":true,"_links":{"self":[{"href":"https:\/\/byronabril.com\/imperobras\/wp-json\/wp\/v2\/pages\/473","targetHints":{"allow":["GET"]}}],"collection":[{"href":"https:\/\/byronabril.com\/imperobras\/wp-json\/wp\/v2\/pages"}],"about":[{"href":"https:\/\/byronabril.com\/imperobras\/wp-json\/wp\/v2\/types\/page"}],"author":[{"embeddable":true,"href":"https:\/\/byronabril.com\/imperobras\/wp-json\/wp\/v2\/users\/1"}],"replies":[{"embeddable":true,"href":"https:\/\/byronabril.com\/imperobras\/wp-json\/wp\/v2\/comments?post=473"}],"version-history":[{"count":4,"href":"https:\/\/byronabril.com\/imperobras\/wp-json\/wp\/v2\/pages\/473\/revisions"}],"predecessor-version":[{"id":1366,"href":"https:\/\/byronabril.com\/imperobras\/wp-json\/wp\/v2\/pages\/473\/revisions\/1366"}],"up":[{"embeddable":true,"href":"https:\/\/byronabril.com\/imperobras\/wp-json\/wp\/v2\/pages\/43"}],"wp:featuredmedia":[{"embeddable":true,"href":"https:\/\/byronabril.com\/imperobras\/wp-json\/wp\/v2\/media\/1201"}],"wp:attachment":[{"href":"https:\/\/byronabril.com\/imperobras\/wp-json\/wp\/v2\/media?parent=473"}],"curies":[{"name":"wp","href":"https:\/\/api.w.org\/{rel}","templated":true}]}}