{"id":43,"date":"2015-10-22T05:52:08","date_gmt":"2015-10-22T05:52:08","guid":{"rendered":"https:\/\/xml-io.proteusthemes.com\/structurepress\/?page_id=43"},"modified":"2024-05-06T17:03:55","modified_gmt":"2024-05-06T17:03:55","slug":"soluciones","status":"publish","type":"page","link":"https:\/\/byronabril.com\/imperobras\/soluciones\/","title":{"rendered":"Soluciones"},"content":{"rendered":"<div id=\"pl-43\"  class=\"panel-layout\" ><div id=\"pg-43-0\"  class=\"panel-grid panel-no-style\" ><div id=\"pgc-43-0-0\"  class=\"panel-grid-cell\" ><div id=\"panel-43-0-0-0\" class=\"so-panel widget widget_pw_featured_page widget-featured-page panel-first-child panel-last-child\" data-index=\"0\" >\n\t<div class=\"page-box  page-box--block\">\n\t\t\t\t\t<a class=\"page-box__picture\" href=\"https:\/\/byronabril.com\/imperobras\/soluciones\/cubiertas\/\">\n\t\t\t\t<img loading=\"lazy\" decoding=\"async\" src=\"https:\/\/i0.wp.com\/byronabril.com\/imperobras\/wp-content\/uploads\/2024\/05\/soluciones-3.jpg?resize=360%2C240&#038;ssl=1\" width=\"360\" height=\"240\" srcset=\"https:\/\/i0.wp.com\/byronabril.com\/imperobras\/wp-content\/uploads\/2024\/05\/soluciones-3.jpg?resize=360%2C240&amp;ssl=1 360w, https:\/\/i0.wp.com\/byronabril.com\/imperobras\/wp-content\/uploads\/2024\/05\/soluciones-3.jpg?fit=765%2C423&amp;ssl=1 765w\" sizes=\"auto, (min-width: 1200px) 350px, (min-width: 992px) 284px, (min-width: 768px) 692px, calc(100vw - 30px)\" class=\"wp-post-image\" alt=\"Cubiertas\">\n\t\t\t<\/a>\n\t\t\t\t<div class=\"page-box__content\">\n\t\t\t<h4 class=\"page-box__title\"><a href=\"https:\/\/byronabril.com\/imperobras\/soluciones\/cubiertas\/\">Cubiertas<\/a><\/h4>\n\t\t\t<p class=\"page-box__text\">La impermeabilizaci\u00f3n de cubiertas es un aspecto cr\u00edtico en la protecci\u00f3n y mantenimiento de estructuras contra la intrusi\u00f3n de humedad. Una empresa experta en este campo opera con un enfoque multifac\u00e9tico &hellip;<\/p>\n\t\t\t\t\t\t\t<a href=\"https:\/\/byronabril.com\/imperobras\/soluciones\/cubiertas\/\" class=\"page-box__more-link\">Conocer m\u00e1s<\/a>\n\t\t\t\t\t<\/div>\n\t<\/div>\n\n<\/div><\/div><div id=\"pgc-43-0-1\"  class=\"panel-grid-cell\" ><div id=\"panel-43-0-1-0\" class=\"so-panel widget widget_pw_featured_page widget-featured-page panel-first-child panel-last-child\" data-index=\"1\" >\n\t<div class=\"page-box  page-box--block\">\n\t\t\t\t\t<a class=\"page-box__picture\" href=\"https:\/\/byronabril.com\/imperobras\/soluciones\/fachadas\/\">\n\t\t\t\t<img loading=\"lazy\" decoding=\"async\" src=\"https:\/\/i0.wp.com\/byronabril.com\/imperobras\/wp-content\/uploads\/2024\/05\/ventaneria.jpg?resize=360%2C240&#038;ssl=1\" width=\"360\" height=\"240\" srcset=\"https:\/\/i0.wp.com\/byronabril.com\/imperobras\/wp-content\/uploads\/2024\/05\/ventaneria.jpg?resize=360%2C240&amp;ssl=1 360w, https:\/\/i0.wp.com\/byronabril.com\/imperobras\/wp-content\/uploads\/2024\/05\/ventaneria.jpg?fit=765%2C423&amp;ssl=1 765w\" sizes=\"auto, (min-width: 1200px) 350px, (min-width: 992px) 284px, (min-width: 768px) 692px, calc(100vw - 30px)\" class=\"wp-post-image\" alt=\"Fachadas, ventaner\u00eda y culatas\">\n\t\t\t<\/a>\n\t\t\t\t<div class=\"page-box__content\">\n\t\t\t<h4 class=\"page-box__title\"><a href=\"https:\/\/byronabril.com\/imperobras\/soluciones\/fachadas\/\">Fachadas, ventaner\u00eda y culatas<\/a><\/h4>\n\t\t\t<p class=\"page-box__text\">Una empresa especializada en impermeabilizaci\u00f3n comprende la importancia de abordar estas \u00e1reas de manera integral, utilizando t\u00e9cnicas y materiales espec\u00edficamente dise\u00f1ados para cada aplicaci\u00f3n.<\/p>\n\t\t\t\t\t\t\t<a href=\"https:\/\/byronabril.com\/imperobras\/soluciones\/fachadas\/\" class=\"page-box__more-link\">Conocer m\u00e1s<\/a>\n\t\t\t\t\t<\/div>\n\t<\/div>\n\n<\/div><\/div><div id=\"pgc-43-0-2\"  class=\"panel-grid-cell\" ><div id=\"panel-43-0-2-0\" class=\"so-panel widget widget_pw_featured_page widget-featured-page panel-first-child panel-last-child\" data-index=\"2\" >\n\t<div class=\"page-box  page-box--block\">\n\t\t\t\t\t<a class=\"page-box__picture\" href=\"https:\/\/byronabril.com\/imperobras\/soluciones\/terrazas\/\">\n\t\t\t\t<img loading=\"lazy\" decoding=\"async\" src=\"https:\/\/i0.wp.com\/byronabril.com\/imperobras\/wp-content\/uploads\/2024\/05\/terrazas-1.jpg?resize=360%2C240&#038;ssl=1\" width=\"360\" height=\"240\" srcset=\"https:\/\/i0.wp.com\/byronabril.com\/imperobras\/wp-content\/uploads\/2024\/05\/terrazas-1.jpg?resize=360%2C240&amp;ssl=1 360w, https:\/\/i0.wp.com\/byronabril.com\/imperobras\/wp-content\/uploads\/2024\/05\/terrazas-1.jpg?fit=765%2C423&amp;ssl=1 765w\" sizes=\"auto, (min-width: 1200px) 350px, (min-width: 992px) 284px, (min-width: 768px) 692px, calc(100vw - 30px)\" class=\"wp-post-image\" alt=\"Terrazas\">\n\t\t\t<\/a>\n\t\t\t\t<div class=\"page-box__content\">\n\t\t\t<h4 class=\"page-box__title\"><a href=\"https:\/\/byronabril.com\/imperobras\/soluciones\/terrazas\/\">Terrazas<\/a><\/h4>\n\t\t\t<p class=\"page-box__text\">&nbsp;\n\nProtegiendo tu Espacio al Aire Libre: Impermeabilizaci\u00f3n Profesional de Terrazas\nEvaluaci\u00f3n Inicial: El proceso comienza con una evaluaci\u00f3n exhaustiva de la terraza, que incluye la inspecci\u00f3n &hellip;<\/p>\n\t\t\t\t\t\t\t<a href=\"https:\/\/byronabril.com\/imperobras\/soluciones\/terrazas\/\" class=\"page-box__more-link\">Conocer m\u00e1s<\/a>\n\t\t\t\t\t<\/div>\n\t<\/div>\n\n<\/div><\/div><\/div><div id=\"pg-43-1\"  class=\"panel-grid panel-no-style\" ><div id=\"pgc-43-1-0\"  class=\"panel-grid-cell\" ><div id=\"panel-43-1-0-0\" class=\"so-panel widget widget_pw_featured_page widget-featured-page panel-first-child panel-last-child\" data-index=\"3\" >\n\t<div class=\"page-box  page-box--block\">\n\t\t\t\t\t<a class=\"page-box__picture\" href=\"https:\/\/byronabril.com\/imperobras\/soluciones\/zonascomunes\/\">\n\t\t\t\t<img loading=\"lazy\" decoding=\"async\" src=\"https:\/\/i0.wp.com\/byronabril.com\/imperobras\/wp-content\/uploads\/2024\/05\/comunes1.jpg?resize=360%2C240&#038;ssl=1\" width=\"360\" height=\"240\" srcset=\"https:\/\/i0.wp.com\/byronabril.com\/imperobras\/wp-content\/uploads\/2024\/05\/comunes1.jpg?resize=360%2C240&amp;ssl=1 360w, https:\/\/i0.wp.com\/byronabril.com\/imperobras\/wp-content\/uploads\/2024\/05\/comunes1.jpg?fit=765%2C423&amp;ssl=1 765w\" sizes=\"auto, (min-width: 1200px) 350px, (min-width: 992px) 284px, (min-width: 768px) 692px, calc(100vw - 30px)\" class=\"wp-post-image\" alt=\"Zonas Comunes\">\n\t\t\t<\/a>\n\t\t\t\t<div class=\"page-box__content\">\n\t\t\t<h4 class=\"page-box__title\"><a href=\"https:\/\/byronabril.com\/imperobras\/soluciones\/zonascomunes\/\">Zonas Comunes<\/a><\/h4>\n\t\t\t<p class=\"page-box__text\">Protegiendo las \u00c1reas Comunes: Impermeabilizaci\u00f3n Profesional\nImperobras realiza una evaluaci\u00f3n exhaustiva de las \u00e1reas comunes, identificando puntos cr\u00edticos de infiltraci\u00f3n y debilidades en la &hellip;<\/p>\n\t\t\t\t\t\t\t<a href=\"https:\/\/byronabril.com\/imperobras\/soluciones\/zonascomunes\/\" class=\"page-box__more-link\">Conocer m\u00e1s<\/a>\n\t\t\t\t\t<\/div>\n\t<\/div>\n\n<\/div><\/div><div id=\"pgc-43-1-1\"  class=\"panel-grid-cell\" ><div id=\"panel-43-1-1-0\" class=\"so-panel widget widget_pw_featured_page widget-featured-page panel-first-child panel-last-child\" data-index=\"4\" >\n\t<div class=\"page-box  page-box--block\">\n\t\t\t\t\t<a class=\"page-box__picture\" href=\"https:\/\/byronabril.com\/imperobras\/soluciones\/parqueaderos\/\">\n\t\t\t\t<img loading=\"lazy\" decoding=\"async\" src=\"https:\/\/i0.wp.com\/byronabril.com\/imperobras\/wp-content\/uploads\/2024\/05\/parqueadero.jpg?resize=360%2C240&#038;ssl=1\" width=\"360\" height=\"240\" srcset=\"https:\/\/i0.wp.com\/byronabril.com\/imperobras\/wp-content\/uploads\/2024\/05\/parqueadero.jpg?resize=360%2C240&amp;ssl=1 360w, https:\/\/i0.wp.com\/byronabril.com\/imperobras\/wp-content\/uploads\/2024\/05\/parqueadero.jpg?fit=840%2C420&amp;ssl=1 840w\" sizes=\"auto, (min-width: 1200px) 350px, (min-width: 992px) 284px, (min-width: 768px) 692px, calc(100vw - 30px)\" class=\"wp-post-image\" alt=\"Parqueaderos\">\n\t\t\t<\/a>\n\t\t\t\t<div class=\"page-box__content\">\n\t\t\t<h4 class=\"page-box__title\"><a href=\"https:\/\/byronabril.com\/imperobras\/soluciones\/parqueaderos\/\">Parqueaderos<\/a><\/h4>\n\t\t\t<p class=\"page-box__text\">Una empresa experta en impermeabilizaci\u00f3n de parqueaderos comienza con una evaluaci\u00f3n minuciosa de la superficie, identificando \u00e1reas vulnerables y deficiencias en el sistema existente. Luego, selecciona &hellip;<\/p>\n\t\t\t\t\t\t\t<a href=\"https:\/\/byronabril.com\/imperobras\/soluciones\/parqueaderos\/\" class=\"page-box__more-link\">Conocer m\u00e1s<\/a>\n\t\t\t\t\t<\/div>\n\t<\/div>\n\n<\/div><\/div><div id=\"pgc-43-1-2\"  class=\"panel-grid-cell\" ><div id=\"panel-43-1-2-0\" class=\"so-panel widget widget_pw_featured_page widget-featured-page panel-first-child panel-last-child\" data-index=\"5\" >\n\t<div class=\"page-box  page-box--block\">\n\t\t\t\t\t<a class=\"page-box__picture\" href=\"https:\/\/byronabril.com\/imperobras\/soluciones\/tanques\/\">\n\t\t\t\t<img loading=\"lazy\" decoding=\"async\" src=\"https:\/\/i0.wp.com\/byronabril.com\/imperobras\/wp-content\/uploads\/2024\/05\/tanques-3.jpg?resize=360%2C240&#038;ssl=1\" width=\"360\" height=\"240\" srcset=\"https:\/\/i0.wp.com\/byronabril.com\/imperobras\/wp-content\/uploads\/2024\/05\/tanques-3.jpg?resize=360%2C240&amp;ssl=1 360w, https:\/\/i0.wp.com\/byronabril.com\/imperobras\/wp-content\/uploads\/2024\/05\/tanques-3.jpg?fit=765%2C423&amp;ssl=1 765w\" sizes=\"auto, (min-width: 1200px) 350px, (min-width: 992px) 284px, (min-width: 768px) 692px, calc(100vw - 30px)\" class=\"wp-post-image\" alt=\"Tanques de agua potable y de reserva\">\n\t\t\t<\/a>\n\t\t\t\t<div class=\"page-box__content\">\n\t\t\t<h4 class=\"page-box__title\"><a href=\"https:\/\/byronabril.com\/imperobras\/soluciones\/tanques\/\">Tanques de agua potable y de reserva<\/a><\/h4>\n\t\t\t<p class=\"page-box__text\">La impermeabilizaci\u00f3n de tanques de reserva de agua es esencial para garantizar la calidad y la potabilidad del agua almacenada, as\u00ed como para proteger la estructura del tanque contra la corrosi\u00f3n y &hellip;<\/p>\n\t\t\t\t\t\t\t<a href=\"https:\/\/byronabril.com\/imperobras\/soluciones\/tanques\/\" class=\"page-box__more-link\">Conocer m\u00e1s<\/a>\n\t\t\t\t\t<\/div>\n\t<\/div>\n\n<\/div><\/div><\/div><div id=\"pg-43-2\"  class=\"panel-grid panel-no-style\" ><div id=\"pgc-43-2-0\"  class=\"panel-grid-cell\" ><div id=\"panel-43-2-0-0\" class=\"so-panel widget widget_pw_featured_page widget-featured-page panel-first-child panel-last-child\" data-index=\"6\" >\n\t<div class=\"page-box  page-box--block\">\n\t\t\t\t\t<a class=\"page-box__picture\" href=\"https:\/\/byronabril.com\/imperobras\/soluciones\/jardineras\/\">\n\t\t\t\t<img loading=\"lazy\" decoding=\"async\" src=\"https:\/\/i0.wp.com\/byronabril.com\/imperobras\/wp-content\/uploads\/2024\/05\/verde-2.jpg?resize=360%2C240&#038;ssl=1\" width=\"360\" height=\"240\" srcset=\"https:\/\/i0.wp.com\/byronabril.com\/imperobras\/wp-content\/uploads\/2024\/05\/verde-2.jpg?resize=360%2C240&amp;ssl=1 360w, https:\/\/i0.wp.com\/byronabril.com\/imperobras\/wp-content\/uploads\/2024\/05\/verde-2.jpg?fit=765%2C423&amp;ssl=1 765w\" sizes=\"auto, (min-width: 1200px) 350px, (min-width: 992px) 284px, (min-width: 768px) 692px, calc(100vw - 30px)\" class=\"wp-post-image\" alt=\"Jardineras y cubiertas verdes\">\n\t\t\t<\/a>\n\t\t\t\t<div class=\"page-box__content\">\n\t\t\t<h4 class=\"page-box__title\"><a href=\"https:\/\/byronabril.com\/imperobras\/soluciones\/jardineras\/\">Jardineras y cubiertas verdes<\/a><\/h4>\n\t\t\t<p class=\"page-box__text\">Con una impermeabilizaci\u00f3n adecuada, las cubiertas verdes y jardineras no solo brindan beneficios est\u00e9ticos y ambientales, sino que tambi\u00e9n protegen la estructura subyacente y contribuyen a la sostenibilidad &hellip;<\/p>\n\t\t\t\t\t\t\t<a href=\"https:\/\/byronabril.com\/imperobras\/soluciones\/jardineras\/\" class=\"page-box__more-link\">Conocer m\u00e1s<\/a>\n\t\t\t\t\t<\/div>\n\t<\/div>\n\n<\/div><\/div><div id=\"pgc-43-2-1\"  class=\"panel-grid-cell\" ><div id=\"panel-43-2-1-0\" class=\"so-panel widget widget_pw_featured_page widget-featured-page panel-first-child panel-last-child\" data-index=\"7\" >\n\t<div class=\"page-box  page-box--block\">\n\t\t\t\t\t<a class=\"page-box__picture\" href=\"https:\/\/byronabril.com\/imperobras\/soluciones\/cimentacion\/\">\n\t\t\t\t<img loading=\"lazy\" decoding=\"async\" src=\"https:\/\/i0.wp.com\/byronabril.com\/imperobras\/wp-content\/uploads\/2024\/05\/cimentacion-3.jpg?resize=360%2C240&#038;ssl=1\" width=\"360\" height=\"240\" srcset=\"https:\/\/i0.wp.com\/byronabril.com\/imperobras\/wp-content\/uploads\/2024\/05\/cimentacion-3.jpg?resize=360%2C240&amp;ssl=1 360w, https:\/\/i0.wp.com\/byronabril.com\/imperobras\/wp-content\/uploads\/2024\/05\/cimentacion-3.jpg?fit=765%2C423&amp;ssl=1 765w\" sizes=\"auto, (min-width: 1200px) 350px, (min-width: 992px) 284px, (min-width: 768px) 692px, calc(100vw - 30px)\" class=\"wp-post-image\" alt=\"Cimentaci\u00f3n\">\n\t\t\t<\/a>\n\t\t\t\t<div class=\"page-box__content\">\n\t\t\t<h4 class=\"page-box__title\"><a href=\"https:\/\/byronabril.com\/imperobras\/soluciones\/cimentacion\/\">Cimentaci\u00f3n<\/a><\/h4>\n\t\t\t<p class=\"page-box__text\">La impermeabilizaci\u00f3n de la cimentaci\u00f3n es esencial para proteger los cimientos de los edificios y estructuras contra la infiltraci\u00f3n de agua, lo que puede provocar da\u00f1os graves como la erosi\u00f3n del &hellip;<\/p>\n\t\t\t\t\t\t\t<a href=\"https:\/\/byronabril.com\/imperobras\/soluciones\/cimentacion\/\" class=\"page-box__more-link\">Conocer m\u00e1s<\/a>\n\t\t\t\t\t<\/div>\n\t<\/div>\n\n<\/div><\/div><div id=\"pgc-43-2-2\"  class=\"panel-grid-cell\" ><div id=\"panel-43-2-2-0\" class=\"so-panel widget widget_pw_featured_page widget-featured-page panel-first-child panel-last-child\" data-index=\"8\" >\n\t<div class=\"page-box  page-box--block\">\n\t\t\t\t\t<a class=\"page-box__picture\" href=\"https:\/\/byronabril.com\/imperobras\/soluciones\/ascensor\/\">\n\t\t\t\t<img loading=\"lazy\" decoding=\"async\" src=\"https:\/\/i0.wp.com\/byronabril.com\/imperobras\/wp-content\/uploads\/2024\/05\/ascensor-3.jpg?resize=360%2C240&#038;ssl=1\" width=\"360\" height=\"240\" srcset=\"https:\/\/i0.wp.com\/byronabril.com\/imperobras\/wp-content\/uploads\/2024\/05\/ascensor-3.jpg?resize=360%2C240&amp;ssl=1 360w, https:\/\/i0.wp.com\/byronabril.com\/imperobras\/wp-content\/uploads\/2024\/05\/ascensor-3.jpg?fit=765%2C423&amp;ssl=1 765w\" sizes=\"auto, (min-width: 1200px) 350px, (min-width: 992px) 284px, (min-width: 768px) 692px, calc(100vw - 30px)\" class=\"wp-post-image\" alt=\"Fosos de ascensor\">\n\t\t\t<\/a>\n\t\t\t\t<div class=\"page-box__content\">\n\t\t\t<h4 class=\"page-box__title\"><a href=\"https:\/\/byronabril.com\/imperobras\/soluciones\/ascensor\/\">Fosos de ascensor<\/a><\/h4>\n\t\t\t<p class=\"page-box__text\">La impermeabilizaci\u00f3n de fosos de ascensor es fundamental para prevenir filtraciones de agua que puedan da\u00f1ar los mecanismos del ascensor y comprometer la seguridad de las personas. Aqu\u00ed hay una descripci\u00f3n &hellip;<\/p>\n\t\t\t\t\t\t\t<a href=\"https:\/\/byronabril.com\/imperobras\/soluciones\/ascensor\/\" class=\"page-box__more-link\">Conocer m\u00e1s<\/a>\n\t\t\t\t\t<\/div>\n\t<\/div>\n\n<\/div><\/div><\/div><\/div>","protected":false},"excerpt":{"rendered":"<p>Cubiertas La impermeabilizaci\u00f3n de cubiertas es un aspecto cr\u00edtico en la protecci\u00f3n y mantenimiento de estructuras contra la intrusi\u00f3n de humedad. Una empresa experta en este campo opera con un enfoque multifac\u00e9tico &hellip; Conocer m\u00e1s Fachadas, ventaner\u00eda y culatas Una empresa especializada en impermeabilizaci\u00f3n comprende la importancia de abordar estas \u00e1reas de manera integral, utilizando &hellip;<\/p>\n","protected":false},"author":1,"featured_media":0,"parent":0,"menu_order":0,"comment_status":"closed","ping_status":"closed","template":"","meta":{"_acf_changed":false,"nf_dc_page":"","om_disable_all_campaigns":false,"_monsterinsights_skip_tracking":false,"_monsterinsights_sitenote_active":false,"_monsterinsights_sitenote_note":"","_monsterinsights_sitenote_category":0,"footnotes":""},"class_list":["post-43","page","type-page","status-publish","hentry"],"acf":[],"jetpack_sharing_enabled":true,"_links":{"self":[{"href":"https:\/\/byronabril.com\/imperobras\/wp-json\/wp\/v2\/pages\/43","targetHints":{"allow":["GET"]}}],"collection":[{"href":"https:\/\/byronabril.com\/imperobras\/wp-json\/wp\/v2\/pages"}],"about":[{"href":"https:\/\/byronabril.com\/imperobras\/wp-json\/wp\/v2\/types\/page"}],"author":[{"embeddable":true,"href":"https:\/\/byronabril.com\/imperobras\/wp-json\/wp\/v2\/users\/1"}],"replies":[{"embeddable":true,"href":"https:\/\/byronabril.com\/imperobras\/wp-json\/wp\/v2\/comments?post=43"}],"version-history":[{"count":5,"href":"https:\/\/byronabril.com\/imperobras\/wp-json\/wp\/v2\/pages\/43\/revisions"}],"predecessor-version":[{"id":1268,"href":"https:\/\/byronabril.com\/imperobras\/wp-json\/wp\/v2\/pages\/43\/revisions\/1268"}],"wp:attachment":[{"href":"https:\/\/byronabril.com\/imperobras\/wp-json\/wp\/v2\/media?parent=43"}],"curies":[{"name":"wp","href":"https:\/\/api.w.org\/{rel}","templated":true}]}}