{"id":36,"date":"2015-10-22T05:45:07","date_gmt":"2015-10-22T05:45:07","guid":{"rendered":"https:\/\/xml-io.proteusthemes.com\/structurepress\/?page_id=36"},"modified":"2024-05-09T03:10:26","modified_gmt":"2024-05-09T03:10:26","slug":"nosotros","status":"publish","type":"page","link":"https:\/\/byronabril.com\/imperobras\/nosotros\/","title":{"rendered":"Nosotros"},"content":{"rendered":"<div id=\"pl-36\"  class=\"panel-layout\" ><div id=\"pg-36-0\"  class=\"panel-grid panel-has-style\" ><div class=\"siteorigin-panels-stretch panel-row-style panel-row-style-for-36-0\" data-stretch-type=\"full\" ><div id=\"pgc-36-0-0\"  class=\"panel-grid-cell\" ><div id=\"panel-36-0-0-0\" class=\"so-panel widget widget_sow-editor panel-first-child panel-last-child\" data-index=\"0\" ><div\n\t\t\t\n\t\t\tclass=\"so-widget-sow-editor so-widget-sow-editor-base\"\n\t\t\t\n\t\t><h3 class=\"widget-title\"><span class=\"widget-title__inline\">Integridad<\/span><\/h3>\n<div class=\"siteorigin-widget-tinymce textwidget\">\n\t<p style=\"text-align: left; font-size: 14px;\"><img data-recalc-dims=\"1\" loading=\"lazy\" decoding=\"async\" class=\"alignnone  wp-image-1157\" src=\"https:\/\/i0.wp.com\/byronabril.com\/imperobras\/wp-content\/uploads\/2024\/05\/integridad.jpg?resize=964%2C482&#038;ssl=1\" alt=\"\" width=\"964\" height=\"482\" srcset=\"https:\/\/i0.wp.com\/byronabril.com\/imperobras\/wp-content\/uploads\/2024\/05\/integridad.jpg?resize=300%2C150&amp;ssl=1 300w, https:\/\/i0.wp.com\/byronabril.com\/imperobras\/wp-content\/uploads\/2024\/05\/integridad.jpg?resize=540%2C270&amp;ssl=1 540w, https:\/\/i0.wp.com\/byronabril.com\/imperobras\/wp-content\/uploads\/2024\/05\/integridad.jpg?resize=600%2C300&amp;ssl=1 600w, https:\/\/i0.wp.com\/byronabril.com\/imperobras\/wp-content\/uploads\/2024\/05\/integridad.jpg?w=692&amp;ssl=1 692w\" sizes=\"auto, (max-width: 964px) 100vw, 964px\" \/><\/p>\n<p>Pilar fundamental en Imperobras, guiando cada aspecto de nuestras operaciones y relaciones comerciales. Nos comprometemos a actuar con honestidad, transparencia y \u00e9tica en todo lo que hacemos.<\/p>\n<\/div>\n<\/div><\/div><\/div><div id=\"pgc-36-0-1\"  class=\"panel-grid-cell\" ><div id=\"panel-36-0-1-0\" class=\"so-panel widget widget_sow-editor panel-first-child panel-last-child\" data-index=\"1\" ><div\n\t\t\t\n\t\t\tclass=\"so-widget-sow-editor so-widget-sow-editor-base\"\n\t\t\t\n\t\t><h3 class=\"widget-title\"><span class=\"widget-title__inline\">Innovaci\u00f3n<\/span><\/h3>\n<div class=\"siteorigin-widget-tinymce textwidget\">\n\t<p style=\"text-align: left; font-size: 14px;\"><img data-recalc-dims=\"1\" loading=\"lazy\" decoding=\"async\" class=\"alignnone wp-image-1158 \" src=\"https:\/\/i0.wp.com\/byronabril.com\/imperobras\/wp-content\/uploads\/2024\/05\/innovacion.jpg?resize=940%2C470&#038;ssl=1\" alt=\"\" width=\"940\" height=\"470\" srcset=\"https:\/\/i0.wp.com\/byronabril.com\/imperobras\/wp-content\/uploads\/2024\/05\/innovacion.jpg?resize=300%2C150&amp;ssl=1 300w, https:\/\/i0.wp.com\/byronabril.com\/imperobras\/wp-content\/uploads\/2024\/05\/innovacion.jpg?resize=540%2C270&amp;ssl=1 540w, https:\/\/i0.wp.com\/byronabril.com\/imperobras\/wp-content\/uploads\/2024\/05\/innovacion.jpg?resize=600%2C300&amp;ssl=1 600w, https:\/\/i0.wp.com\/byronabril.com\/imperobras\/wp-content\/uploads\/2024\/05\/innovacion.jpg?w=692&amp;ssl=1 692w\" sizes=\"auto, (max-width: 940px) 100vw, 940px\" \/><\/p>\n<div class=\"flex flex-grow flex-col max-w-full\">\n<div class=\"min-h-[20px] text-message flex flex-col items-start whitespace-pre-wrap break-words [.text-message+&amp;]:mt-5 overflow-x-auto gap-3\" dir=\"auto\" data-message-author-role=\"assistant\" data-message-id=\"170374e9-993e-4e42-bd88-cca931d12819\">\n<div class=\"markdown prose w-full break-words dark:prose-invert dark\">\n<p>La innovaci\u00f3n impulsa el motor de Imperobras, inspir\u00e1ndonos a buscar constantemente nuevas formas de abordar los desaf\u00edos en el campo de la impermeabilizaci\u00f3n y la protecci\u00f3n estructural.<\/p>\n<\/div>\n<\/div>\n<\/div>\n<\/div>\n<\/div><\/div><\/div><div id=\"pgc-36-0-2\"  class=\"panel-grid-cell\" ><div id=\"panel-36-0-2-0\" class=\"so-panel widget widget_sow-editor panel-first-child panel-last-child\" data-index=\"2\" ><div\n\t\t\t\n\t\t\tclass=\"so-widget-sow-editor so-widget-sow-editor-base\"\n\t\t\t\n\t\t><h3 class=\"widget-title\"><span class=\"widget-title__inline\">Servicio<\/span><\/h3>\n<div class=\"siteorigin-widget-tinymce textwidget\">\n\t<p style=\"text-align: left; font-size: 14px;\"><img data-recalc-dims=\"1\" loading=\"lazy\" decoding=\"async\" class=\"alignnone wp-image-1159 \" src=\"https:\/\/i0.wp.com\/byronabril.com\/imperobras\/wp-content\/uploads\/2024\/05\/servicio.jpg?resize=864%2C432&#038;ssl=1\" alt=\"\" width=\"864\" height=\"432\" srcset=\"https:\/\/i0.wp.com\/byronabril.com\/imperobras\/wp-content\/uploads\/2024\/05\/servicio.jpg?resize=300%2C150&amp;ssl=1 300w, https:\/\/i0.wp.com\/byronabril.com\/imperobras\/wp-content\/uploads\/2024\/05\/servicio.jpg?resize=540%2C270&amp;ssl=1 540w, https:\/\/i0.wp.com\/byronabril.com\/imperobras\/wp-content\/uploads\/2024\/05\/servicio.jpg?resize=600%2C300&amp;ssl=1 600w, https:\/\/i0.wp.com\/byronabril.com\/imperobras\/wp-content\/uploads\/2024\/05\/servicio.jpg?w=692&amp;ssl=1 692w\" sizes=\"auto, (max-width: 864px) 100vw, 864px\" \/><\/p>\n<p>Nuestro objetivo es establecer relaciones s\u00f3lidas y duraderas con nuestros clientes, basadas en la confianza mutua, la integridad y el compromiso con la excelencia en todos nuestros proyectos.<\/p>\n<\/div>\n<\/div><\/div><\/div><\/div><\/div><div id=\"pg-36-1\"  class=\"panel-grid panel-no-style\" ><div id=\"pgc-36-1-0\"  class=\"panel-grid-cell\" ><div id=\"panel-36-1-0-0\" class=\"so-panel widget widget_pw_person_profile widget-person-profile panel-first-child panel-last-child\" data-index=\"3\" >\n\t<div class=\"card  person-profile\">\n\t\t\t\t<img data-recalc-dims=\"1\" decoding=\"async\" class=\"person-profile__image  wp-post-image\" src=\"https:\/\/i0.wp.com\/byronabril.com\/imperobras\/wp-content\/uploads\/2024\/05\/sliders-equipo.jpg?w=1140&#038;ssl=1\" alt=\"Picture of Imperobras\">\n\t\t\t\t<div class=\"card-block  person-profile__container\">\n\t\t\t\t\t\t\t<div class=\"person-profile__social-icons\">\n\t\t\t\t\t\t\t\t\t\t\t<a class=\"person-profile__social-icon\" href=\"https:\/\/www.facebook.com\/imperobras\/\" target=\"_blank\"><i class=\"fa  fa-facebook-square\"><\/i><\/a>\n\t\t\t\t\t\t\t\t\t\t\t<a class=\"person-profile__social-icon\" href=\"https:\/\/linkedin.com\/imperobras\" target=\"_blank\"><i class=\"fa  fa-linkedin-square\"><\/i><\/a>\n\t\t\t\t\t\t\t\t\t\t\t<a class=\"person-profile__social-icon\" href=\"https:\/\/www.youtube.com\/user\/imperobras\" target=\"_blank\"><i class=\"fa  fa-youtube-square\"><\/i><\/a>\n\t\t\t\t\t\t\t\t\t\t\t<a class=\"person-profile__social-icon\" href=\"https:\/\/instagram.com\/imperobras\" target=\"_blank\"><i class=\"fa  fa-instagram\"><\/i><\/a>\n\t\t\t\t\t\t\t\t\t<\/div>\n\t\t\t\t\t\t<div class=\"person-profile__content\">\n\t\t\t\t\t\t\t\t\t<span class=\"person-profile__tag\">Nuestro equipo<\/span>\n\t\t\t\t\t\t\t\t<h4 class=\"card-title  person-profile__name\">Imperobras<\/h4>\n\t\t\t\t<p class=\"card-text  person-profile__description\">En Imperobras, entendemos que la calidad de nuestro trabajo depende en gran medida de las manos que lo ejecutan. Es por eso que hemos reunido a un equipo de profesionales altamente capacitados y apasionados por su oficio. Desde t\u00e9cnicos expertos hasta ingenieros especializados, cada miembro de nuestro equipo est\u00e1 comprometido con la excelencia y la atenci\u00f3n al detalle en cada proyecto que emprendemos.\n\nCon una trayectoria consolidada en el mercado, hemos enfrentado los desaf\u00edos m\u00e1s diversos en el \u00e1mbito de la impermeabilizaci\u00f3n. Desde edificios residenciales hasta complejos industriales, hemos dejado nuestra huella en proyectos de todos los tama\u00f1os y complejidades. Nuestro conocimiento y experiencia nos convierten en la opci\u00f3n preferida para aquellos que buscan resultados impecables.<\/p>\n\t\t\t<\/div>\n\t\t<\/div>\n\t<\/div>\n\n<\/div><\/div><\/div><\/div>","protected":false},"excerpt":{"rendered":"<p>Pilar fundamental en Imperobras, guiando cada aspecto de nuestras operaciones y relaciones comerciales. Nos comprometemos a actuar con honestidad, transparencia y \u00e9tica en todo lo que hacemos. La innovaci\u00f3n impulsa el motor de Imperobras, inspir\u00e1ndonos a buscar constantemente nuevas formas de abordar los desaf\u00edos en el campo de la impermeabilizaci\u00f3n y la protecci\u00f3n estructural. Nuestro &hellip;<\/p>\n","protected":false},"author":1,"featured_media":0,"parent":0,"menu_order":0,"comment_status":"closed","ping_status":"closed","template":"","meta":{"_acf_changed":false,"nf_dc_page":"","om_disable_all_campaigns":false,"_monsterinsights_skip_tracking":false,"_monsterinsights_sitenote_active":false,"_monsterinsights_sitenote_note":"","_monsterinsights_sitenote_category":0,"footnotes":""},"class_list":["post-36","page","type-page","status-publish","hentry"],"acf":[],"jetpack_sharing_enabled":true,"_links":{"self":[{"href":"https:\/\/byronabril.com\/imperobras\/wp-json\/wp\/v2\/pages\/36","targetHints":{"allow":["GET"]}}],"collection":[{"href":"https:\/\/byronabril.com\/imperobras\/wp-json\/wp\/v2\/pages"}],"about":[{"href":"https:\/\/byronabril.com\/imperobras\/wp-json\/wp\/v2\/types\/page"}],"author":[{"embeddable":true,"href":"https:\/\/byronabril.com\/imperobras\/wp-json\/wp\/v2\/users\/1"}],"replies":[{"embeddable":true,"href":"https:\/\/byronabril.com\/imperobras\/wp-json\/wp\/v2\/comments?post=36"}],"version-history":[{"count":5,"href":"https:\/\/byronabril.com\/imperobras\/wp-json\/wp\/v2\/pages\/36\/revisions"}],"predecessor-version":[{"id":1373,"href":"https:\/\/byronabril.com\/imperobras\/wp-json\/wp\/v2\/pages\/36\/revisions\/1373"}],"wp:attachment":[{"href":"https:\/\/byronabril.com\/imperobras\/wp-json\/wp\/v2\/media?parent=36"}],"curies":[{"name":"wp","href":"https:\/\/api.w.org\/{rel}","templated":true}]}}