{"id":1338,"date":"2024-05-06T19:50:47","date_gmt":"2024-05-06T19:50:47","guid":{"rendered":"https:\/\/byronabril.com\/imperobras\/?page_id=1338"},"modified":"2024-05-06T19:51:31","modified_gmt":"2024-05-06T19:51:31","slug":"membranas","status":"publish","type":"page","link":"https:\/\/byronabril.com\/imperobras\/membranas\/","title":{"rendered":"Membranas termopl\u00e1sticas"},"content":{"rendered":"<div id=\"pl-1338\"  class=\"panel-layout\" ><div id=\"pg-1338-0\"  class=\"panel-grid panel-no-style\" ><div id=\"pgc-1338-0-0\"  class=\"panel-grid-cell\" ><div id=\"panel-1338-0-0-0\" class=\"so-panel widget widget_sow-editor panel-first-child\" data-index=\"0\" ><div\n\t\t\t\n\t\t\tclass=\"so-widget-sow-editor so-widget-sow-editor-base\"\n\t\t\t\n\t\t>\n<div class=\"siteorigin-widget-tinymce textwidget\">\n\t<p><img data-recalc-dims=\"1\" loading=\"lazy\" decoding=\"async\" class=\"alignnone wp-image-1311 size-full\" src=\"https:\/\/i0.wp.com\/byronabril.com\/imperobras\/wp-content\/uploads\/2024\/05\/termoplasticas-1.jpg?resize=1020%2C300&#038;ssl=1\" alt=\"\" width=\"1020\" height=\"300\" srcset=\"https:\/\/i0.wp.com\/byronabril.com\/imperobras\/wp-content\/uploads\/2024\/05\/termoplasticas-1.jpg?w=1020&amp;ssl=1 1020w, https:\/\/i0.wp.com\/byronabril.com\/imperobras\/wp-content\/uploads\/2024\/05\/termoplasticas-1.jpg?resize=300%2C88&amp;ssl=1 300w, https:\/\/i0.wp.com\/byronabril.com\/imperobras\/wp-content\/uploads\/2024\/05\/termoplasticas-1.jpg?resize=768%2C226&amp;ssl=1 768w, https:\/\/i0.wp.com\/byronabril.com\/imperobras\/wp-content\/uploads\/2024\/05\/termoplasticas-1.jpg?resize=540%2C159&amp;ssl=1 540w, https:\/\/i0.wp.com\/byronabril.com\/imperobras\/wp-content\/uploads\/2024\/05\/termoplasticas-1.jpg?resize=600%2C176&amp;ssl=1 600w\" sizes=\"auto, (max-width: 1020px) 100vw, 1020px\" \/><\/p>\n<\/div>\n<\/div><\/div><div id=\"panel-1338-0-0-1\" class=\"so-panel widget widget_pw_open_position widget-open-position panel-last-child\" data-index=\"1\" ><div\n\t\t\t\n\t\t\tclass=\"so-widget-pw_open_position so-widget-pw_open_position-base\"\n\t\t\t\n\t\t>\n<div id=\"panel-1338-0-0-1\" class=\"so-panel widget widget_pw_open_position widget-open-position panel-last-child\" data-index=\"1\" >\t<div class=\"open-position\">\n\t\t<div class=\"open-position__content-container\">\n\t\t\t\t\t\t\t<h3 class=\"open-position__title\">\n\t\t\t\t\tMembrana termopl\u00e1stica\t\t\t\t<\/h3>\n\t\t\t\t\t\t<div class=\"open-position__date\">\n\t\t\t\t\t\t\t<\/div>\n\t\t\t<div class=\"open-position__content\">\n\t\t\t\t<div class=\"flex flex-grow flex-col max-w-full\">\n<div class=\"min-h-[20px] text-message flex flex-col items-start whitespace-pre-wrap break-words [.text-message+&amp;]:mt-5 overflow-x-auto gap-3\" dir=\"auto\" data-message-author-role=\"assistant\" data-message-id=\"91a36b32-e991-4c6d-8bde-742ae2357d60\">\n<div class=\"markdown prose w-full break-words dark:prose-invert dark\">\n<div class=\"flex flex-grow flex-col max-w-full\">\n<div class=\"min-h-[20px] text-message flex flex-col items-start whitespace-pre-wrap break-words [.text-message+&amp;]:mt-5 overflow-x-auto gap-3\" dir=\"auto\" data-message-author-role=\"assistant\" data-message-id=\"e382a6a3-a108-4f28-8d36-ffcbd8ec4368\">\n<div class=\"markdown prose w-full break-words dark:prose-invert dark\">\n<p>&nbsp;<\/p>\n<p>La membrana termopl\u00e1stica es un material de impermeabilizaci\u00f3n altamente eficaz y vers\u00e1til utilizado en una variedad de aplicaciones, desde techos hasta estructuras subterr\u00e1neas. Fabricada con pol\u00edmeros termopl\u00e1sticos como el PVC (cloruro de polivinilo) o el TPO (poliolefina termopl\u00e1stica), esta membrana ofrece una combinaci\u00f3n \u00fanica de durabilidad, flexibilidad y resistencia a los elementos.<\/p>\n<\/div>\n<\/div>\n<\/div>\n<\/div>\n<\/div>\n<\/div>\n<div class=\"collapse\" id=\"collapse-widget-0-0-1\">\n<p>La membrana termopl\u00e1stica se caracteriza por su capacidad para adaptarse a diferentes condiciones clim\u00e1ticas y tipos de sustratos, lo que la convierte en una opci\u00f3n ideal para proyectos de impermeabilizaci\u00f3n tanto en climas c\u00e1lidos como fr\u00edos. Su instalaci\u00f3n se realiza mediante t\u00e9cnicas de soldadura por calor, lo que garantiza una uni\u00f3n s\u00f3lida y continua entre las l\u00e1minas, evitando la filtraci\u00f3n de agua y prolongando la vida \u00fatil del sistema de impermeabilizaci\u00f3n.<\/p>\n<p>Adem\u00e1s de su excelente resistencia al agua, la membrana termopl\u00e1stica tambi\u00e9n ofrece otras ventajas significativas, como resistencia a los rayos UV, resistencia a productos qu\u00edmicos y f\u00e1cil mantenimiento. Estas caracter\u00edsticas la convierten en una opci\u00f3n popular para una amplia gama de aplicaciones, desde techos planos y terrazas hasta estanques y piscinas.<\/p>\n<p>En resumen, la membrana termopl\u00e1stica es una soluci\u00f3n confiable y duradera para la impermeabilizaci\u00f3n, ofreciendo protecci\u00f3n superior contra la infiltraci\u00f3n de agua y garantizando la integridad de las estructuras durante muchos a\u00f1os.<\/p>\n\t\t\t\t\t<\/div>\n\t\t\t\t\t<p>\n\t\t\t\t\t<a class=\"read-more\" data-toggle=\"collapse\" id=\"collapse-link-widget-0-0-1\" href=\"#collapse-widget-0-0-1\" aria-expanded=\"false\" aria-controls=\"collapse-widget-0-0-1\"><i class=\"fa fa-plus\"><\/i> Read more<\/a>\n\t\t\t\t\t<\/p>\n\t\t\t\t\t\t\t<\/div>\n\t\t<\/div>\n\t\t<div class=\"open-position__details\">\n\t\t\t<h4 class=\"open-position__details-title\">Info<\/h4>\n\t\t\t\t\t\t\t<div class=\"open-position__details-item\">\n\t\t\t\t\t<span class=\"open-position__details-item-icon\"><span class=\"sow-icon-fontawesome sow-fas\" data-sow-icon=\"&#xf015;\"\n\t\t \n\t\taria-hidden=\"true\"><\/span><\/span><span class=\"open-position__details-item-text\">Cubiertas<\/span>\n\t\t\t\t<\/div>\n\t\t\t\t\t\t\t<div class=\"open-position__details-item\">\n\t\t\t\t\t<span class=\"open-position__details-item-icon\"><span class=\"sow-icon-fontawesome sow-fas\" data-sow-icon=\"&#xe4b6;\"\n\t\t \n\t\taria-hidden=\"true\"><\/span><\/span><span class=\"open-position__details-item-text\">Grandes superficies<\/span>\n\t\t\t\t<\/div>\n\t\t\t\t\t\t\t<div class=\"open-position__details-item\">\n\t\t\t\t\t<span class=\"open-position__details-item-icon\"><span class=\"sow-icon-fontawesome sow-fas\" data-sow-icon=\"&#xf773;\"\n\t\t \n\t\taria-hidden=\"true\"><\/span><\/span><span class=\"open-position__details-item-text\">Piscinas<\/span>\n\t\t\t\t<\/div>\n\t\t\t\t\t<\/div>\n\t<\/div>\n\n\t<script type=\"text\/javascript\">\n\t\tjQuery( '#collapse-widget-0-0-1' ).on( 'shown.bs.collapse' , function() {\n\t\t\tjQuery( '#collapse-link-widget-0-0-1' ).html( '<i class=\"fa fa-minus\"><\/i> Close' );\n\t\t});\n\t\tjQuery( '#collapse-widget-0-0-1' ).on( 'hidden.bs.collapse', function() {\n\t\t\tjQuery( '#collapse-link-widget-0-0-1' ).html( '<i class=\"fa fa-plus\"><\/i> Read more' );\n\t\t});\n\t<\/script>\n\n<\/div><\/div><\/div><\/div><\/div><div id=\"pg-1338-1\"  class=\"panel-grid panel-no-style\" ><div id=\"pgc-1338-1-0\"  class=\"panel-grid-cell panel-grid-cell-empty panel-grid-cell-mobile-last\" ><\/div><div id=\"pgc-1338-1-1\"  class=\"panel-grid-cell panel-grid-cell-empty\" ><\/div><\/div><\/div>","protected":false},"excerpt":{"rendered":"<p>Membrana termopl\u00e1stica &nbsp; La membrana termopl\u00e1stica es un material de impermeabilizaci\u00f3n altamente eficaz y vers\u00e1til utilizado en una variedad de aplicaciones, desde techos hasta estructuras subterr\u00e1neas. Fabricada con pol\u00edmeros termopl\u00e1sticos como el PVC (cloruro de polivinilo) o el TPO (poliolefina termopl\u00e1stica), esta membrana ofrece una combinaci\u00f3n \u00fanica de durabilidad, flexibilidad y resistencia a los elementos. &hellip;<\/p>\n","protected":false},"author":1,"featured_media":0,"parent":0,"menu_order":0,"comment_status":"closed","ping_status":"closed","template":"","meta":{"_acf_changed":false,"nf_dc_page":"","om_disable_all_campaigns":false,"_monsterinsights_skip_tracking":false,"_monsterinsights_sitenote_active":false,"_monsterinsights_sitenote_note":"","_monsterinsights_sitenote_category":0,"footnotes":""},"class_list":["post-1338","page","type-page","status-publish","hentry"],"acf":[],"jetpack_sharing_enabled":true,"_links":{"self":[{"href":"https:\/\/byronabril.com\/imperobras\/wp-json\/wp\/v2\/pages\/1338","targetHints":{"allow":["GET"]}}],"collection":[{"href":"https:\/\/byronabril.com\/imperobras\/wp-json\/wp\/v2\/pages"}],"about":[{"href":"https:\/\/byronabril.com\/imperobras\/wp-json\/wp\/v2\/types\/page"}],"author":[{"embeddable":true,"href":"https:\/\/byronabril.com\/imperobras\/wp-json\/wp\/v2\/users\/1"}],"replies":[{"embeddable":true,"href":"https:\/\/byronabril.com\/imperobras\/wp-json\/wp\/v2\/comments?post=1338"}],"version-history":[{"count":2,"href":"https:\/\/byronabril.com\/imperobras\/wp-json\/wp\/v2\/pages\/1338\/revisions"}],"predecessor-version":[{"id":1340,"href":"https:\/\/byronabril.com\/imperobras\/wp-json\/wp\/v2\/pages\/1338\/revisions\/1340"}],"wp:attachment":[{"href":"https:\/\/byronabril.com\/imperobras\/wp-json\/wp\/v2\/media?parent=1338"}],"curies":[{"name":"wp","href":"https:\/\/api.w.org\/{rel}","templated":true}]}}