{"id":1334,"date":"2024-05-06T19:48:12","date_gmt":"2024-05-06T19:48:12","guid":{"rendered":"https:\/\/byronabril.com\/imperobras\/?page_id=1334"},"modified":"2024-05-06T19:48:52","modified_gmt":"2024-05-06T19:48:52","slug":"siliconas","status":"publish","type":"page","link":"https:\/\/byronabril.com\/imperobras\/siliconas\/","title":{"rendered":"Siliconas"},"content":{"rendered":"<div id=\"pl-1334\"  class=\"panel-layout\" ><div id=\"pg-1334-0\"  class=\"panel-grid panel-no-style\" ><div id=\"pgc-1334-0-0\"  class=\"panel-grid-cell\" ><div id=\"panel-1334-0-0-0\" class=\"so-panel widget widget_sow-editor panel-first-child\" data-index=\"0\" ><div\n\t\t\t\n\t\t\tclass=\"so-widget-sow-editor so-widget-sow-editor-base\"\n\t\t\t\n\t\t>\n<div class=\"siteorigin-widget-tinymce textwidget\">\n\t<p><img data-recalc-dims=\"1\" loading=\"lazy\" decoding=\"async\" class=\"alignnone wp-image-1322 size-full\" src=\"https:\/\/i0.wp.com\/byronabril.com\/imperobras\/wp-content\/uploads\/2024\/05\/siliconas.jpg?resize=1020%2C300&#038;ssl=1\" alt=\"\" width=\"1020\" height=\"300\" srcset=\"https:\/\/i0.wp.com\/byronabril.com\/imperobras\/wp-content\/uploads\/2024\/05\/siliconas.jpg?w=1020&amp;ssl=1 1020w, https:\/\/i0.wp.com\/byronabril.com\/imperobras\/wp-content\/uploads\/2024\/05\/siliconas.jpg?resize=300%2C88&amp;ssl=1 300w, https:\/\/i0.wp.com\/byronabril.com\/imperobras\/wp-content\/uploads\/2024\/05\/siliconas.jpg?resize=768%2C226&amp;ssl=1 768w, https:\/\/i0.wp.com\/byronabril.com\/imperobras\/wp-content\/uploads\/2024\/05\/siliconas.jpg?resize=540%2C159&amp;ssl=1 540w, https:\/\/i0.wp.com\/byronabril.com\/imperobras\/wp-content\/uploads\/2024\/05\/siliconas.jpg?resize=600%2C176&amp;ssl=1 600w\" sizes=\"auto, (max-width: 1020px) 100vw, 1020px\" \/><\/p>\n<\/div>\n<\/div><\/div><div id=\"panel-1334-0-0-1\" class=\"so-panel widget widget_pw_open_position widget-open-position panel-last-child\" data-index=\"1\" ><div\n\t\t\t\n\t\t\tclass=\"so-widget-pw_open_position so-widget-pw_open_position-base\"\n\t\t\t\n\t\t>\n<div id=\"panel-1334-0-0-1\" class=\"so-panel widget widget_pw_open_position widget-open-position panel-last-child\" data-index=\"1\" >\t<div class=\"open-position\">\n\t\t<div class=\"open-position__content-container\">\n\t\t\t\t\t\t\t<h3 class=\"open-position__title\">\n\t\t\t\t\tSiliconas\t\t\t\t<\/h3>\n\t\t\t\t\t\t<div class=\"open-position__date\">\n\t\t\t\t\t\t\t<\/div>\n\t\t\t<div class=\"open-position__content\">\n\t\t\t\t<div class=\"flex flex-grow flex-col max-w-full\">\n<div class=\"min-h-[20px] text-message flex flex-col items-start whitespace-pre-wrap break-words [.text-message+&amp;]:mt-5 overflow-x-auto gap-3\" dir=\"auto\" data-message-author-role=\"assistant\" data-message-id=\"91a36b32-e991-4c6d-8bde-742ae2357d60\">\n<div class=\"markdown prose w-full break-words dark:prose-invert dark\">\n<div class=\"flex flex-grow flex-col max-w-full\">\n<div class=\"min-h-[20px] text-message flex flex-col items-start whitespace-pre-wrap break-words [.text-message+&amp;]:mt-5 overflow-x-auto gap-3\" dir=\"auto\" data-message-author-role=\"assistant\" data-message-id=\"a4d2fb2d-040a-4616-ab2b-7971e3920b93\">\n<div class=\"markdown prose w-full break-words dark:prose-invert dark\">\n<div class=\"flex flex-grow flex-col max-w-full\">\n<div class=\"min-h-[20px] text-message flex flex-col items-start whitespace-pre-wrap break-words [.text-message+&amp;]:mt-5 overflow-x-auto gap-3\" dir=\"auto\" data-message-author-role=\"assistant\" data-message-id=\"39e9305c-a241-4455-b02a-fcdd8e876830\">\n<div class=\"markdown prose w-full break-words dark:prose-invert dark\">\n<div class=\"flex flex-grow flex-col max-w-full\">\n<div class=\"min-h-[20px] text-message flex flex-col items-start whitespace-pre-wrap break-words [.text-message+&amp;]:mt-5 overflow-x-auto gap-3\" dir=\"auto\" data-message-author-role=\"assistant\" data-message-id=\"bd403460-984f-4c4c-8d9f-d8da3e21ec46\">\n<div class=\"markdown prose w-full break-words dark:prose-invert dark\">\n<p>La impermeabilizaci\u00f3n con siliconas es una t\u00e9cnica efectiva para proteger una variedad de superficies contra la infiltraci\u00f3n de agua y la humedad. Las siliconas son pol\u00edmeros sint\u00e9ticos que ofrecen una excelente resistencia a la intemperie y a los rayos UV, lo que las hace ideales para aplicaciones tanto en interiores como en exteriores.<\/p>\n<\/div>\n<\/div>\n<\/div>\n<\/div>\n<\/div>\n<\/div>\n<\/div>\n<\/div>\n<\/div>\n<\/div>\n<\/div>\n<\/div>\n<div class=\"collapse\" id=\"collapse-widget-0-0-1\">\n<p>Este proceso de impermeabilizaci\u00f3n implica la aplicaci\u00f3n de un sellador de silicona l\u00edquida sobre la superficie deseada, que se adhiere y forma una barrera impermeable flexible y duradera. La silicona se cura para formar un recubrimiento resistente al agua y a los elementos, que protege la superficie contra la corrosi\u00f3n, el deterioro y los da\u00f1os causados por la humedad.<\/p>\n<p>La impermeabilizaci\u00f3n con siliconas es especialmente efectiva en \u00e1reas donde se requiere una protecci\u00f3n duradera y de alto rendimiento, como techos, terrazas, juntas de dilataci\u00f3n, ventanas y puertas. Su flexibilidad y capacidad de elongaci\u00f3n permiten que se adapte a los movimientos naturales de las estructuras, evitando as\u00ed la formaci\u00f3n de grietas y asegurando una protecci\u00f3n efectiva a largo plazo.<\/p>\n<p>Adem\u00e1s de su funci\u00f3n impermeabilizante, las siliconas tambi\u00e9n ofrecen otras ventajas significativas, como una amplia gama de colores y acabados, resistencia a los productos qu\u00edmicos y f\u00e1cil mantenimiento. Esto las convierte en una opci\u00f3n popular para una variedad de aplicaciones de impermeabilizaci\u00f3n en el hogar, la industria y la construcci\u00f3n.<\/p>\n<p>En resumen, la impermeabilizaci\u00f3n con siliconas proporciona una soluci\u00f3n confiable y duradera para proteger las superficies contra la infiltraci\u00f3n de agua y la humedad, ayudando a preservar la integridad de las estructuras y prolongando su vida \u00fatil.<\/p>\n<p>&nbsp;<\/p>\n\t\t\t\t\t<\/div>\n\t\t\t\t\t<p>\n\t\t\t\t\t<a class=\"read-more\" data-toggle=\"collapse\" id=\"collapse-link-widget-0-0-1\" href=\"#collapse-widget-0-0-1\" aria-expanded=\"false\" aria-controls=\"collapse-widget-0-0-1\"><i class=\"fa fa-plus\"><\/i> Read more<\/a>\n\t\t\t\t\t<\/p>\n\t\t\t\t\t\t\t<\/div>\n\t\t<\/div>\n\t\t<div class=\"open-position__details\">\n\t\t\t<h4 class=\"open-position__details-title\">Info<\/h4>\n\t\t\t\t\t\t\t<div class=\"open-position__details-item\">\n\t\t\t\t\t<span class=\"open-position__details-item-icon\"><span class=\"sow-icon-fontawesome sow-fas\" data-sow-icon=\"&#xe00d;\"\n\t\t \n\t\taria-hidden=\"true\"><\/span><\/span><span class=\"open-position__details-item-text\">Ventanas<\/span>\n\t\t\t\t<\/div>\n\t\t\t\t\t\t\t<div class=\"open-position__details-item\">\n\t\t\t\t\t<span class=\"open-position__details-item-icon\"><span class=\"sow-icon-fontawesome sow-fas\" data-sow-icon=\"&#xf1ad;\"\n\t\t \n\t\taria-hidden=\"true\"><\/span><\/span><span class=\"open-position__details-item-text\">Fachadas<\/span>\n\t\t\t\t<\/div>\n\t\t\t\t\t\t\t<div class=\"open-position__details-item\">\n\t\t\t\t\t<span class=\"open-position__details-item-icon\"><span class=\"sow-icon-fontawesome sow-fas\" data-sow-icon=\"&#xe4f5;\"\n\t\t \n\t\taria-hidden=\"true\"><\/span><\/span><span class=\"open-position__details-item-text\">F\u00e1cil aplicaci\u00f3n<\/span>\n\t\t\t\t<\/div>\n\t\t\t\t\t<\/div>\n\t<\/div>\n\n\t<script type=\"text\/javascript\">\n\t\tjQuery( '#collapse-widget-0-0-1' ).on( 'shown.bs.collapse' , function() {\n\t\t\tjQuery( '#collapse-link-widget-0-0-1' ).html( '<i class=\"fa fa-minus\"><\/i> Close' );\n\t\t});\n\t\tjQuery( '#collapse-widget-0-0-1' ).on( 'hidden.bs.collapse', function() {\n\t\t\tjQuery( '#collapse-link-widget-0-0-1' ).html( '<i class=\"fa fa-plus\"><\/i> Read more' );\n\t\t});\n\t<\/script>\n\n<\/div><\/div><\/div><\/div><\/div><\/div>","protected":false},"excerpt":{"rendered":"<p>Siliconas La impermeabilizaci\u00f3n con siliconas es una t\u00e9cnica efectiva para proteger una variedad de superficies contra la infiltraci\u00f3n de agua y la humedad. Las siliconas son pol\u00edmeros sint\u00e9ticos que ofrecen una excelente resistencia a la intemperie y a los rayos UV, lo que las hace ideales para aplicaciones tanto en interiores como en exteriores. Este &hellip;<\/p>\n","protected":false},"author":1,"featured_media":0,"parent":0,"menu_order":0,"comment_status":"closed","ping_status":"closed","template":"","meta":{"_acf_changed":false,"nf_dc_page":"","om_disable_all_campaigns":false,"_monsterinsights_skip_tracking":false,"_monsterinsights_sitenote_active":false,"_monsterinsights_sitenote_note":"","_monsterinsights_sitenote_category":0,"footnotes":""},"class_list":["post-1334","page","type-page","status-publish","hentry"],"acf":[],"jetpack_sharing_enabled":true,"_links":{"self":[{"href":"https:\/\/byronabril.com\/imperobras\/wp-json\/wp\/v2\/pages\/1334","targetHints":{"allow":["GET"]}}],"collection":[{"href":"https:\/\/byronabril.com\/imperobras\/wp-json\/wp\/v2\/pages"}],"about":[{"href":"https:\/\/byronabril.com\/imperobras\/wp-json\/wp\/v2\/types\/page"}],"author":[{"embeddable":true,"href":"https:\/\/byronabril.com\/imperobras\/wp-json\/wp\/v2\/users\/1"}],"replies":[{"embeddable":true,"href":"https:\/\/byronabril.com\/imperobras\/wp-json\/wp\/v2\/comments?post=1334"}],"version-history":[{"count":2,"href":"https:\/\/byronabril.com\/imperobras\/wp-json\/wp\/v2\/pages\/1334\/revisions"}],"predecessor-version":[{"id":1336,"href":"https:\/\/byronabril.com\/imperobras\/wp-json\/wp\/v2\/pages\/1334\/revisions\/1336"}],"wp:attachment":[{"href":"https:\/\/byronabril.com\/imperobras\/wp-json\/wp\/v2\/media?parent=1334"}],"curies":[{"name":"wp","href":"https:\/\/api.w.org\/{rel}","templated":true}]}}