{"id":1250,"date":"2024-05-06T16:45:02","date_gmt":"2024-05-06T16:45:02","guid":{"rendered":"https:\/\/byronabril.com\/imperobras\/?page_id=1250"},"modified":"2024-05-09T02:34:20","modified_gmt":"2024-05-09T02:34:20","slug":"cimentacion","status":"publish","type":"page","link":"https:\/\/byronabril.com\/imperobras\/soluciones\/cimentacion\/","title":{"rendered":"Cimentaci\u00f3n"},"content":{"rendered":"<div id=\"pl-1250\"  class=\"panel-layout\" ><div id=\"pg-1250-0\"  class=\"panel-grid panel-no-style\" ><div id=\"pgc-1250-0-0\"  class=\"panel-grid-cell\" ><div id=\"panel-1250-0-0-0\" class=\"so-panel widget widget_sow-editor panel-first-child panel-last-child\" data-index=\"0\" ><div\n\t\t\t\n\t\t\tclass=\"so-widget-sow-editor so-widget-sow-editor-base\"\n\t\t\t\n\t\t>\n<div class=\"siteorigin-widget-tinymce textwidget\">\n\t<div class=\"flex flex-grow flex-col max-w-full\">\n<div class=\"min-h-[20px] text-message flex flex-col items-start whitespace-pre-wrap break-words [.text-message+&amp;]:mt-5 overflow-x-auto gap-3\" dir=\"auto\" data-message-author-role=\"assistant\" data-message-id=\"0bf40a05-80c8-481c-9d9e-6b048f0893b8\">\n<div class=\"markdown prose w-full break-words dark:prose-invert dark\">\n<div class=\"flex flex-grow flex-col max-w-full\">\n<div class=\"min-h-[20px] text-message flex flex-col items-start whitespace-pre-wrap break-words [.text-message+&amp;]:mt-5 overflow-x-auto gap-3\" dir=\"auto\" data-message-author-role=\"assistant\" data-message-id=\"6e337f5c-f09e-47d9-acdd-21a79c9a9f90\">\n<div class=\"markdown prose w-full break-words dark:prose-invert dark\">\n<p>La impermeabilizaci\u00f3n de la cimentaci\u00f3n es esencial para proteger los cimientos de los edificios y estructuras contra la infiltraci\u00f3n de agua, lo que puede provocar da\u00f1os graves como la erosi\u00f3n del suelo, la corrosi\u00f3n de los materiales y el debilitamiento de la estructura. Aqu\u00ed hay un resumen de los pasos t\u00edpicos en el proceso de impermeabilizaci\u00f3n de la cimentaci\u00f3n:<\/p>\n<ol>\n<li><strong>Preparaci\u00f3n de la Superficie<\/strong>: Se limpia y se prepara la superficie de la cimentaci\u00f3n, eliminando cualquier suciedad, grasa o material suelto que pueda afectar la adherencia del material impermeabilizante.<\/li>\n<li><strong>Reparaci\u00f3n de Grietas y Fisuras<\/strong>: Se inspecciona la superficie en busca de grietas y fisuras, y se reparan utilizando morteros o selladores adecuados para garantizar una superficie uniforme y sellada.<\/li>\n<li><strong>Selecci\u00f3n del Material Impermeabilizante<\/strong>: Se elige el material impermeabilizante m\u00e1s adecuado para el tipo de cimentaci\u00f3n y las condiciones del sitio. Esto puede incluir membranas asf\u00e1lticas, membranas de poliuretano, geotextiles, morteros impermeabilizantes o sistemas de inyecci\u00f3n de resinas.<\/li>\n<li><strong>Aplicaci\u00f3n del Material Impermeabilizante<\/strong>: Se aplica el material impermeabilizante de acuerdo con las especificaciones del fabricante y las condiciones del sitio. Esto puede implicar la colocaci\u00f3n de membranas prefabricadas, la aplicaci\u00f3n de recubrimientos l\u00edquidos o la inyecci\u00f3n de resinas en grietas y cavidades.<\/li>\n<\/ol>\n<p>Con una impermeabilizaci\u00f3n adecuada de la cimentaci\u00f3n, se previenen problemas costosos y se asegura la estabilidad y durabilidad de la estructura a lo largo del tiempo.<\/p>\n<\/div>\n<\/div>\n<\/div>\n<\/div>\n<\/div>\n<\/div>\n<\/div>\n<\/div><\/div><\/div><div id=\"pgc-1250-0-1\"  class=\"panel-grid-cell\" ><div id=\"panel-1250-0-1-0\" class=\"so-panel widget widget_sow-editor panel-first-child panel-last-child\" data-index=\"1\" ><div\n\t\t\t\n\t\t\tclass=\"so-widget-sow-editor so-widget-sow-editor-base\"\n\t\t\t\n\t\t>\n<div class=\"siteorigin-widget-tinymce textwidget\">\n\t<p><img data-recalc-dims=\"1\" loading=\"lazy\" decoding=\"async\" class=\"alignnone wp-image-1251 size-full\" src=\"https:\/\/i0.wp.com\/byronabril.com\/imperobras\/wp-content\/uploads\/2024\/05\/cimentacion-1.jpg?resize=765%2C423&#038;ssl=1\" alt=\"\" width=\"765\" height=\"423\" srcset=\"https:\/\/i0.wp.com\/byronabril.com\/imperobras\/wp-content\/uploads\/2024\/05\/cimentacion-1.jpg?w=765&amp;ssl=1 765w, https:\/\/i0.wp.com\/byronabril.com\/imperobras\/wp-content\/uploads\/2024\/05\/cimentacion-1.jpg?resize=300%2C166&amp;ssl=1 300w, https:\/\/i0.wp.com\/byronabril.com\/imperobras\/wp-content\/uploads\/2024\/05\/cimentacion-1.jpg?resize=540%2C299&amp;ssl=1 540w, https:\/\/i0.wp.com\/byronabril.com\/imperobras\/wp-content\/uploads\/2024\/05\/cimentacion-1.jpg?resize=600%2C332&amp;ssl=1 600w\" sizes=\"auto, (max-width: 765px) 100vw, 765px\" \/><\/p>\n<p><img data-recalc-dims=\"1\" loading=\"lazy\" decoding=\"async\" class=\"alignnone wp-image-1252 size-full\" src=\"https:\/\/i0.wp.com\/byronabril.com\/imperobras\/wp-content\/uploads\/2024\/05\/cimentacion-2.jpg?resize=765%2C423&#038;ssl=1\" alt=\"\" width=\"765\" height=\"423\" srcset=\"https:\/\/i0.wp.com\/byronabril.com\/imperobras\/wp-content\/uploads\/2024\/05\/cimentacion-2.jpg?w=765&amp;ssl=1 765w, https:\/\/i0.wp.com\/byronabril.com\/imperobras\/wp-content\/uploads\/2024\/05\/cimentacion-2.jpg?resize=300%2C166&amp;ssl=1 300w, https:\/\/i0.wp.com\/byronabril.com\/imperobras\/wp-content\/uploads\/2024\/05\/cimentacion-2.jpg?resize=540%2C299&amp;ssl=1 540w, https:\/\/i0.wp.com\/byronabril.com\/imperobras\/wp-content\/uploads\/2024\/05\/cimentacion-2.jpg?resize=600%2C332&amp;ssl=1 600w\" sizes=\"auto, (max-width: 765px) 100vw, 765px\" \/><\/p>\n<p><img data-recalc-dims=\"1\" loading=\"lazy\" decoding=\"async\" class=\"alignnone wp-image-1254 size-full\" src=\"https:\/\/i0.wp.com\/byronabril.com\/imperobras\/wp-content\/uploads\/2024\/05\/cimentacion-3.jpg?resize=765%2C423&#038;ssl=1\" alt=\"\" width=\"765\" height=\"423\" srcset=\"https:\/\/i0.wp.com\/byronabril.com\/imperobras\/wp-content\/uploads\/2024\/05\/cimentacion-3.jpg?w=765&amp;ssl=1 765w, https:\/\/i0.wp.com\/byronabril.com\/imperobras\/wp-content\/uploads\/2024\/05\/cimentacion-3.jpg?resize=300%2C166&amp;ssl=1 300w, https:\/\/i0.wp.com\/byronabril.com\/imperobras\/wp-content\/uploads\/2024\/05\/cimentacion-3.jpg?resize=540%2C299&amp;ssl=1 540w, https:\/\/i0.wp.com\/byronabril.com\/imperobras\/wp-content\/uploads\/2024\/05\/cimentacion-3.jpg?resize=600%2C332&amp;ssl=1 600w\" sizes=\"auto, (max-width: 765px) 100vw, 765px\" \/><\/p>\n<\/div>\n<\/div><\/div><\/div><\/div><\/div>","protected":false},"excerpt":{"rendered":"<p>La impermeabilizaci\u00f3n de la cimentaci\u00f3n es esencial para proteger los cimientos de los edificios y estructuras contra la infiltraci\u00f3n de agua, lo que puede provocar da\u00f1os graves como la erosi\u00f3n del suelo, la corrosi\u00f3n de los materiales y el debilitamiento de la estructura. Aqu\u00ed hay un resumen de los pasos t\u00edpicos en el proceso de &hellip;<\/p>\n","protected":false},"author":1,"featured_media":1254,"parent":43,"menu_order":0,"comment_status":"closed","ping_status":"closed","template":"","meta":{"_acf_changed":false,"nf_dc_page":"","om_disable_all_campaigns":false,"_monsterinsights_skip_tracking":false,"_monsterinsights_sitenote_active":false,"_monsterinsights_sitenote_note":"","_monsterinsights_sitenote_category":0,"footnotes":""},"class_list":["post-1250","page","type-page","status-publish","has-post-thumbnail","hentry"],"acf":[],"jetpack_sharing_enabled":true,"_links":{"self":[{"href":"https:\/\/byronabril.com\/imperobras\/wp-json\/wp\/v2\/pages\/1250","targetHints":{"allow":["GET"]}}],"collection":[{"href":"https:\/\/byronabril.com\/imperobras\/wp-json\/wp\/v2\/pages"}],"about":[{"href":"https:\/\/byronabril.com\/imperobras\/wp-json\/wp\/v2\/types\/page"}],"author":[{"embeddable":true,"href":"https:\/\/byronabril.com\/imperobras\/wp-json\/wp\/v2\/users\/1"}],"replies":[{"embeddable":true,"href":"https:\/\/byronabril.com\/imperobras\/wp-json\/wp\/v2\/comments?post=1250"}],"version-history":[{"count":3,"href":"https:\/\/byronabril.com\/imperobras\/wp-json\/wp\/v2\/pages\/1250\/revisions"}],"predecessor-version":[{"id":1367,"href":"https:\/\/byronabril.com\/imperobras\/wp-json\/wp\/v2\/pages\/1250\/revisions\/1367"}],"up":[{"embeddable":true,"href":"https:\/\/byronabril.com\/imperobras\/wp-json\/wp\/v2\/pages\/43"}],"wp:featuredmedia":[{"embeddable":true,"href":"https:\/\/byronabril.com\/imperobras\/wp-json\/wp\/v2\/media\/1254"}],"wp:attachment":[{"href":"https:\/\/byronabril.com\/imperobras\/wp-json\/wp\/v2\/media?parent=1250"}],"curies":[{"name":"wp","href":"https:\/\/api.w.org\/{rel}","templated":true}]}}